{"id":130,"date":"2015-02-07T19:34:30","date_gmt":"2015-02-07T19:34:30","guid":{"rendered":"http:\/\/uvr-heater.de\/?page_id=130"},"modified":"2015-02-18T13:04:48","modified_gmt":"2015-02-18T13:04:48","slug":"heizstab","status":"publish","type":"page","link":"https:\/\/uvr-heater.de\/?page_id=130","title":{"rendered":"Heizstab"},"content":{"rendered":"<h5>Welcher Heizstab ist mit <em>UVR-Heater<\/em> kompatibel?<\/h5>\n<p>Prinzipiell sind alle Elektro-Heizst\u00e4be mit dem <em>UVR-Heater<\/em>-System kompatibel. Auch bei einphasigen Wechselrichtern k\u00f6nnen aufgrund der saldierenden Arbeitsweise der Energiez\u00e4hler dreiphasige Heizst\u00e4be eingesetzt werden. Bitte beachten Sie bei der Auslegung die entsprechende Peakleistung Ihrer PV-Anlage! Wir empfehlen, dass die Leistung des Heizstabes h\u00f6chstens 80% der PV-Peakleistung betr\u00e4gt (bei 7-stufigen Heizst\u00e4ben).<\/p>\n<p>Die Ansteuerung des Heizstabes erfolgt mittels drei potentialbehafteten Ausg\u00e4ngen (230V~) an der Regelung. Einige Heizst\u00e4be haben bereits Leistungsrelais oder Sch\u00fctze integriert, das macht Ihnen die Installation einfacher. Bei den meisten Heizst\u00e4ben m\u00fcssen die Relais oder Sch\u00fctze aber separat in einem externen Geh\u00e4use oder in der Unterverteilung montiert werden.<\/p>\n<h5>Wie funktioniert die mehrstufige Regelung des Heizstabes?<\/h5>\n<p><img loading=\"lazy\" decoding=\"async\" class=\"alignleft\" src=\"http:\/\/uvr-heater.de\/wp-content\/uploads\/2015\/02\/Heizstab_Stufen_1-300x240.png\" alt=\"Heizstab_Stufen_1\" width=\"150\" height=\"120\" \/>Die meisten handels\u00fcblichen Einschraub-Heizst\u00e4be k\u00f6nnen aufgrund des fehlenden Sternpunkt-Kontaktes nur <span style=\"text-decoration: underline;\">einstufig<\/span> angesteuert werden. Dadurch k\u00f6nnen Sie allerdings auch nur einen geringen Teil der m\u00f6glichen Energie nutzen. Vor dem Einschalten muss immer erst eine vergleichsweise hohe \u00dcberschusseinspeisung anliegen weil immer nur die volle Leistung geschaltet werden kann.<\/p>\n<p><img loading=\"lazy\" decoding=\"async\" class=\" alignright\" src=\"http:\/\/uvr-heater.de\/wp-content\/uploads\/2015\/02\/Heizstab_Stufen_3-300x240.png\" alt=\"Heizstab_Stufen_3\" width=\"150\" height=\"120\" \/>Bei einigen Heizst\u00e4ben k\u00f6nnen auch die Heizwendeln separat angesteuert werden. Dadurch ist eine mehrstufige Leistungsregelung m\u00f6glich. Somit sind bei einem Heizstab mit drei Heizwendeln gleicher Leistung <span style=\"text-decoration: underline;\">drei Stufen<\/span> m\u00f6glich.<\/p>\n<p><img loading=\"lazy\" decoding=\"async\" class=\" alignleft\" src=\"http:\/\/uvr-heater.de\/wp-content\/uploads\/2015\/02\/Heizstab_Stufen_7-300x240.png\" alt=\"Heizstab_Stufen_7\" width=\"150\" height=\"120\" \/>Haben die Heizwendeln jedoch unterschiedliche Leistungen, sind bis zu <span style=\"text-decoration: underline;\">sieben Stufen<\/span> m\u00f6glich! Dadurch ist eine m\u00f6glichst optimale Anpassung der Leistung des Heizstabes an die \u00dcberschussleistung der PV-Anlage m\u00f6glich.<\/p>\n<p><img loading=\"lazy\" decoding=\"async\" class=\"alignnone size-large wp-image-285\" src=\"http:\/\/uvr-heater.de\/wp-content\/uploads\/2015\/02\/Heizstab_Stufen_Tabelle-1024x212.jpg\" alt=\"Heizstab_Stufen_Tabelle\" width=\"700\" height=\"145\" srcset=\"https:\/\/uvr-heater.de\/wp-content\/uploads\/2015\/02\/Heizstab_Stufen_Tabelle-1024x212.jpg 1024w, https:\/\/uvr-heater.de\/wp-content\/uploads\/2015\/02\/Heizstab_Stufen_Tabelle-300x62.jpg 300w, https:\/\/uvr-heater.de\/wp-content\/uploads\/2015\/02\/Heizstab_Stufen_Tabelle.jpg 1856w\" sizes=\"(max-width: 700px) 100vw, 700px\" \/><br \/>\n<strong>Der von uns angebotene Heizstab erm\u00f6glicht diese 7-stufige Regelung. Alternativ k\u00f6nnen Sie nat\u00fcrlich auch selbst ein anderes Produkt ausw\u00e4hlen und die Konfiguration im UVR-Heater entsprechend anpassen.<\/strong><\/p>\n<h5>Welchen Vorteil hat die mehrstufige Regelung des Heizstabes?<\/h5>\n<p>Die mehrstufige Regelung bringt (siehe auch vorherige Frage) besonders Vorteile in der Anpassung der Leistung des Verbrauchers an die verf\u00fcgbare (\u00dcberschuss-)Leistung der PV-Anlage. Gegen\u00fcber einem 1-stufig ansteuerbaren Heizstab ist mit einem 7-stufig ansteuerbaren Heizstab nahezu eine Verdoppelung der nutzbaren Energiemenge erreichbar!<\/p>\n<p><img loading=\"lazy\" decoding=\"async\" class=\"alignnone size-large wp-image-287\" src=\"http:\/\/uvr-heater.de\/wp-content\/uploads\/2015\/02\/Grafiken_Heizstab_Stufen-e1424251039991-1024x557.png\" alt=\"Grafiken_Heizstab_Stufen\" width=\"700\" height=\"381\" srcset=\"https:\/\/uvr-heater.de\/wp-content\/uploads\/2015\/02\/Grafiken_Heizstab_Stufen-e1424251039991-1024x557.png 1024w, https:\/\/uvr-heater.de\/wp-content\/uploads\/2015\/02\/Grafiken_Heizstab_Stufen-e1424251039991-300x163.png 300w\" sizes=\"(max-width: 700px) 100vw, 700px\" \/><\/p>\n<h5>F\u00fcr welches Medium ist der Heizstab geeignet?<\/h5>\n<p>F\u00fcr den von uns angebotenen Heizstab haben wir einen hochlegierten Edelstahl ausgew\u00e4hlt. Dadurch kann der Heizstab sowohl in Hygiene-Warmwasserspeichern, Heizungs- und Kombipufferspeichern als auch direkt in herk\u00f6mmlichen Trinkwasserspeichern eingesetzt werden. Wie bei allen W\u00e4rmequellenfl\u00e4chen ist auch hier eine regelm\u00e4\u00dfige Kontrolle auf Ablagerungen ma\u00dfgeblich f\u00fcr einen dauerhaft st\u00f6rungsfreien Betrieb.<\/p>\n<h5>Welcher Anschluss wird f\u00fcr den Einbau des Heizstabes ben\u00f6tigt?<\/h5>\n<p>Der ben\u00f6tigte 1\u00bd -Zoll-Anschluss ist bereits in vielen Speichern f\u00fcr den Einbau von Elektroheizst\u00e4ben vorgesehen. Dieser Anschluss kann auch f\u00fcr UVR-Heater verwendet werden.<\/p>\n<h5>Mein Speicher hat keinen entsprechenden Anschluss. Gibt es eine Alternative?<\/h5>\n<p>Wenn Ihr Speicher einen Flanschdeckel (z.B. f\u00fcr die Reinigung) hat, kann man in vielen F\u00e4llen dort einen passenden Heizstab einsetzen oder einen Adapter-Flanschdeckel montieren.<\/p>\n<p>Alternativ kann auch \u00fcber eine externe Rohrbaugruppe der Heizstab in die meist bereits vorhandene Ladeleitung zwischen Speicher und W\u00e4rmeerzeuger eingesetzt werden. Daf\u00fcr wird dann die Kessel-Ladepumpe zus\u00e4tzlich von UVR-Heater mit angesteuert.<\/p>\n<h5>Kann man statt eines Heizstabes auch einen anderen Verbraucher betreiben?<\/h5>\n<p>Alternativ zu einem Heizstab kann nat\u00fcrlich auch jeder andere elektrische Verbraucher betrieben werden. Auch Warmwasser-W\u00e4rmepumpen o.\u00e4. lassen sich dadurch in Kombination mit der PV-Anlage betreiben.<\/p>\n","protected":false},"excerpt":{"rendered":"<p>Welcher Heizstab ist mit UVR-Heater kompatibel? Prinzipiell sind alle Elektro-Heizst\u00e4be mit dem UVR-Heater-System kompatibel. Auch bei einphasigen Wechselrichtern k\u00f6nnen aufgrund der saldierenden Arbeitsweise der Energiez\u00e4hler dreiphasige Heizst\u00e4be eingesetzt werden. Bitte beachten Sie bei der Auslegung die entsprechende Peakleistung Ihrer PV-Anlage!<\/p>\n","protected":false},"author":2,"featured_media":0,"parent":32,"menu_order":2,"comment_status":"closed","ping_status":"closed","template":"","meta":{"footnotes":""},"_links":{"self":[{"href":"https:\/\/uvr-heater.de\/index.php?rest_route=\/wp\/v2\/pages\/130"}],"collection":[{"href":"https:\/\/uvr-heater.de\/index.php?rest_route=\/wp\/v2\/pages"}],"about":[{"href":"https:\/\/uvr-heater.de\/index.php?rest_route=\/wp\/v2\/types\/page"}],"author":[{"embeddable":true,"href":"https:\/\/uvr-heater.de\/index.php?rest_route=\/wp\/v2\/users\/2"}],"replies":[{"embeddable":true,"href":"https:\/\/uvr-heater.de\/index.php?rest_route=%2Fwp%2Fv2%2Fcomments&post=130"}],"version-history":[{"count":63,"href":"https:\/\/uvr-heater.de\/index.php?rest_route=\/wp\/v2\/pages\/130\/revisions"}],"predecessor-version":[{"id":310,"href":"https:\/\/uvr-heater.de\/index.php?rest_route=\/wp\/v2\/pages\/130\/revisions\/310"}],"up":[{"embeddable":true,"href":"https:\/\/uvr-heater.de\/index.php?rest_route=\/wp\/v2\/pages\/32"}],"wp:attachment":[{"href":"https:\/\/uvr-heater.de\/index.php?rest_route=%2Fwp%2Fv2%2Fmedia&parent=130"}],"curies":[{"name":"wp","href":"https:\/\/api.w.org\/{rel}","templated":true}]}}