{"id":132,"date":"2015-02-07T19:35:02","date_gmt":"2015-02-07T19:35:02","guid":{"rendered":"http:\/\/uvr-heater.de\/?page_id=132"},"modified":"2016-10-26T08:58:49","modified_gmt":"2016-10-26T08:58:49","slug":"zwischen-zaehler","status":"publish","type":"page","link":"https:\/\/uvr-heater.de\/?page_id=132","title":{"rendered":"(Zwischen-)Z\u00e4hler"},"content":{"rendered":"<h5>Welcher Energiefluss ist f\u00fcr den korrekten Betrieb des <em>UVR-Heater<\/em> ma\u00dfgeblich?<\/h5>\n<p>Der <em>UVR-Heater<\/em> ist als System zur Eigenverbrauchssteigerung konzipiert. Daher ist zun\u00e4chst eine Information zum Energiefluss des Erzeugungs\u00fcberschusses wichtig. Danach werden dann der Heizstab bzw. die anderen angeschlossenen Verbraucher geregelt.<\/p>\n<p>\u00dcber den von uns empfohlenen und \u00fcber uns zu beziehenden Hutschienen-Zwischenz\u00e4hler k\u00f6nnen Sie optional noch den Energiefluss der Lieferung mit erkennen und diese Information zur Optimierung nutzen.<\/p>\n<p>Weiterhin kann optional ein zus\u00e4tzlicher Zwischenz\u00e4hler montiert werden, der die Erzeugung direkt nach dem Wechselrichter erfasst (oder direkt vom Wechselrichter ein S0-Signal).<\/p>\n<h5>Ich habe doch bereits einen Zweirichtungsz\u00e4hler im Z\u00e4hlerschrank kann ich diesen verwenden?<\/h5>\n<p><img loading=\"lazy\" decoding=\"async\" class=\"alignleft wp-image-102\" src=\"http:\/\/uvr-heater.de\/wp-content\/uploads\/2015\/02\/emu_professional_52d5030c13204-300x263.jpg\" alt=\"emu_professional_52d5030c13204\" width=\"150\" height=\"131\" srcset=\"https:\/\/uvr-heater.de\/wp-content\/uploads\/2015\/02\/emu_professional_52d5030c13204-300x263.jpg 300w, https:\/\/uvr-heater.de\/wp-content\/uploads\/2015\/02\/emu_professional_52d5030c13204-1024x897.jpg 1024w, https:\/\/uvr-heater.de\/wp-content\/uploads\/2015\/02\/emu_professional_52d5030c13204.jpg 1074w\" sizes=\"(max-width: 150px) 100vw, 150px\" \/>Bei PV-Anlagen mit \u00dcberschusseinspeisung ist in den meisten F\u00e4llen bereits ein Zweirichtungsz\u00e4hler verbaut. Wichtig f\u00fcr den Betrieb an der Regelung ist allerdings die S0-Schnittstelle des Z\u00e4hlers. Hat Ihr Z\u00e4hler eine zug\u00e4ngliche Schnittstelle mit entsprechender elektrischer Spezifikation, ist au\u00dferdem noch die Zuordnung zur passenden Energierichtung (s.o.) ma\u00dfgeblich. Genaue Auskunft dazu kann Ihnen Ihr Netzbetreiber geben.<\/p>\n<p><strong>Wir raten allerdings generell zu einem separaten Zwischen-Z\u00e4hler. So sind Sie dann auch bei einem Z\u00e4hlertausch durch den Netzbetreiber unabh\u00e4ngig.<\/strong><\/p>\n<h5>\u00a0Werden einphasige oder dreiphasige Z\u00e4hler verwendet?<\/h5>\n<p>In Deutschland sind die meisten Haushalte inzwischen dreiphasig an das Stromnetz angeschlossen. In diesem Falle m\u00fcssen f\u00fcr die Erfassung von Liefer- und Bezugsstrom auch dreiphasige Z\u00e4hler verwendet werden.<br \/>\nF\u00fcr die optionale Erfassung der Erzeugung kann unter Umst\u00e4nden auch auf die in einigen Wechselrichtern bereits vorhandene S0-Schnittstelle zur\u00fcckgegriffen werden (Spezifikation beachten!). Andernfalls gen\u00fcgt ein Z\u00e4hler entsprechend der Phasenzahl der Erzeugungsanlage (h\u00e4ufig auch einphasig).<\/p>\n","protected":false},"excerpt":{"rendered":"<p>Welcher Energiefluss ist f\u00fcr den korrekten Betrieb des UVR-Heater ma\u00dfgeblich? Der UVR-Heater ist als System zur Eigenverbrauchssteigerung konzipiert. Daher ist zun\u00e4chst eine Information zum Energiefluss des Erzeugungs\u00fcberschusses wichtig. Danach werden dann der Heizstab bzw. die anderen angeschlossenen Verbraucher geregelt. \u00dcber<\/p>\n","protected":false},"author":2,"featured_media":0,"parent":32,"menu_order":3,"comment_status":"closed","ping_status":"closed","template":"","meta":{"footnotes":""},"_links":{"self":[{"href":"https:\/\/uvr-heater.de\/index.php?rest_route=\/wp\/v2\/pages\/132"}],"collection":[{"href":"https:\/\/uvr-heater.de\/index.php?rest_route=\/wp\/v2\/pages"}],"about":[{"href":"https:\/\/uvr-heater.de\/index.php?rest_route=\/wp\/v2\/types\/page"}],"author":[{"embeddable":true,"href":"https:\/\/uvr-heater.de\/index.php?rest_route=\/wp\/v2\/users\/2"}],"replies":[{"embeddable":true,"href":"https:\/\/uvr-heater.de\/index.php?rest_route=%2Fwp%2Fv2%2Fcomments&post=132"}],"version-history":[{"count":13,"href":"https:\/\/uvr-heater.de\/index.php?rest_route=\/wp\/v2\/pages\/132\/revisions"}],"predecessor-version":[{"id":583,"href":"https:\/\/uvr-heater.de\/index.php?rest_route=\/wp\/v2\/pages\/132\/revisions\/583"}],"up":[{"embeddable":true,"href":"https:\/\/uvr-heater.de\/index.php?rest_route=\/wp\/v2\/pages\/32"}],"wp:attachment":[{"href":"https:\/\/uvr-heater.de\/index.php?rest_route=%2Fwp%2Fv2%2Fmedia&parent=132"}],"curies":[{"name":"wp","href":"https:\/\/api.w.org\/{rel}","templated":true}]}}