{"id":138,"date":"2015-02-07T19:55:27","date_gmt":"2015-02-07T19:55:27","guid":{"rendered":"http:\/\/uvr-heater.de\/?page_id=138"},"modified":"2015-04-27T09:27:36","modified_gmt":"2015-04-27T09:27:36","slug":"regelung-uvr16x2-und-uvr1611","status":"publish","type":"page","link":"https:\/\/uvr-heater.de\/?page_id=138","title":{"rendered":"Regelung"},"content":{"rendered":"<h5>Wie kann der <em>UVR-Heater<\/em> mit anderen Haustechnik-Systemen verbunden werden?<\/h5>\n<p>Gerade in der Haustechnik ist es wichtig, die unterschiedlichen Systeme an sinnvollen Stellen miteinander zu \u201evernetzen\u201c. Der <em>UVR-Heater<\/em> bietet daf\u00fcr verschiedene Schnittstellen an. So k\u00f6nnen zum Beispiel eine externe Freigabe, eine externe Anforderung oder SmartGrid-Anforderungen verarbeitet werden. Auch in entgegen gesetzter Richtung kann eine Anbindung erfolgen: u.a. Anforderung an externe W\u00e4rmeerzeuger (z.B. zur Nachheizung des Warmwasserspeichers).<\/p>\n<h5>Ist eine Visualisierung oder ein Zugriff \u00fcber das Internet m\u00f6glich?<\/h5>\n<p><img loading=\"lazy\" decoding=\"async\" class=\" size-thumbnail wp-image-242 alignright\" src=\"http:\/\/uvr-heater.de\/wp-content\/uploads\/2015\/02\/cmi_front-150x150.jpg\" alt=\"cmi_front\" width=\"150\" height=\"150\" srcset=\"https:\/\/uvr-heater.de\/wp-content\/uploads\/2015\/02\/cmi_front-150x150.jpg 150w, https:\/\/uvr-heater.de\/wp-content\/uploads\/2015\/02\/cmi_front-90x90.jpg 90w\" sizes=\"(max-width: 150px) 100vw, 150px\" \/>Selbstverst\u00e4ndlich bietet auch der <em>UVR-Heater<\/em> dem interessierten Nutzer die M\u00f6glichkeit, den Zustand der Anlage und die wesentlichsten Parameter mithilfe einer anschaulichen Visualisierung immer im Blick zu behalten. Auch ein Zugriff \u00fcber mobile Endger\u00e4te (Smartphone, Tablet, Notebook) ist problemlos m\u00f6glich.<br \/>\nDaf\u00fcr ist ein sog. C.M.I. des Herstellers TA Technische Alternative sowie die entsprechenden Konfigurationsdaten erforderlich.<\/p>\n","protected":false},"excerpt":{"rendered":"<p>Wie kann der UVR-Heater mit anderen Haustechnik-Systemen verbunden werden? Gerade in der Haustechnik ist es wichtig, die unterschiedlichen Systeme an sinnvollen Stellen miteinander zu \u201evernetzen\u201c. Der UVR-Heater bietet daf\u00fcr verschiedene Schnittstellen an. So k\u00f6nnen zum Beispiel eine externe Freigabe, eine<\/p>\n","protected":false},"author":2,"featured_media":0,"parent":32,"menu_order":1,"comment_status":"closed","ping_status":"closed","template":"","meta":{"footnotes":""},"_links":{"self":[{"href":"https:\/\/uvr-heater.de\/index.php?rest_route=\/wp\/v2\/pages\/138"}],"collection":[{"href":"https:\/\/uvr-heater.de\/index.php?rest_route=\/wp\/v2\/pages"}],"about":[{"href":"https:\/\/uvr-heater.de\/index.php?rest_route=\/wp\/v2\/types\/page"}],"author":[{"embeddable":true,"href":"https:\/\/uvr-heater.de\/index.php?rest_route=\/wp\/v2\/users\/2"}],"replies":[{"embeddable":true,"href":"https:\/\/uvr-heater.de\/index.php?rest_route=%2Fwp%2Fv2%2Fcomments&post=138"}],"version-history":[{"count":14,"href":"https:\/\/uvr-heater.de\/index.php?rest_route=\/wp\/v2\/pages\/138\/revisions"}],"predecessor-version":[{"id":428,"href":"https:\/\/uvr-heater.de\/index.php?rest_route=\/wp\/v2\/pages\/138\/revisions\/428"}],"up":[{"embeddable":true,"href":"https:\/\/uvr-heater.de\/index.php?rest_route=\/wp\/v2\/pages\/32"}],"wp:attachment":[{"href":"https:\/\/uvr-heater.de\/index.php?rest_route=%2Fwp%2Fv2%2Fmedia&parent=138"}],"curies":[{"name":"wp","href":"https:\/\/api.w.org\/{rel}","templated":true}]}}