{"id":17,"date":"2015-01-31T20:33:23","date_gmt":"2015-01-31T20:33:23","guid":{"rendered":"http:\/\/uvr-heater.de\/?page_id=17"},"modified":"2016-10-26T09:51:34","modified_gmt":"2016-10-26T09:51:34","slug":"konzept","status":"publish","type":"page","link":"https:\/\/uvr-heater.de\/?page_id=17","title":{"rendered":"Funktionsweise"},"content":{"rendered":"<p><span style=\"text-decoration: underline;\"><img loading=\"lazy\" decoding=\"async\" class=\"alignleft wp-image-101 size-thumbnail\" src=\"http:\/\/uvr-heater.de\/wp-content\/uploads\/2015\/02\/UVR16x2K_Universalregler-UVR-16x2-K_14387_2-150x150.jpg\" alt=\"UVR16x2K_Universalregler-UVR-16x2-K_14387_2\" width=\"150\" height=\"150\" srcset=\"https:\/\/uvr-heater.de\/wp-content\/uploads\/2015\/02\/UVR16x2K_Universalregler-UVR-16x2-K_14387_2-150x150.jpg 150w, https:\/\/uvr-heater.de\/wp-content\/uploads\/2015\/02\/UVR16x2K_Universalregler-UVR-16x2-K_14387_2-90x90.jpg 90w, https:\/\/uvr-heater.de\/wp-content\/uploads\/2015\/02\/UVR16x2K_Universalregler-UVR-16x2-K_14387_2-300x300.jpg 300w, https:\/\/uvr-heater.de\/wp-content\/uploads\/2015\/02\/UVR16x2K_Universalregler-UVR-16x2-K_14387_2-270x270.jpg 270w, https:\/\/uvr-heater.de\/wp-content\/uploads\/2015\/02\/UVR16x2K_Universalregler-UVR-16x2-K_14387_2-230x230.jpg 230w\" sizes=\"(max-width: 150px) 100vw, 150px\" \/><\/span>Die Systemsoftware des <em>UVR-Heater<\/em>s wurde mit verschiedenen kombinierbaren Funktionalit\u00e4ten ausgestattet, um eine m\u00f6glichst optimale Nutzung des selbsterzeugten Stromes zu erm\u00f6glichen<\/p>\n<p>Gleichzeitig soll aber f\u00fcr den Nutzer dennoch eine Transparenz bestehen, die das Nachvollziehen der Regelstrukturen erm\u00f6glicht. Nur so kann der Nutzer sein System optimal in Anwendung bringen.<\/p>\n<p>&nbsp;<\/p>\n<p><span style=\"text-decoration: underline;\">Folgende Funktionalit\u00e4ten lassen sich realisieren:<\/span><\/p>\n<h5>Leistungsregelung des Heizstabes in bis zu 7 Stufen<\/h5>\n<p><a href=\"http:\/\/uvr-heater.de\/wp-content\/uploads\/2015\/02\/Grafiken_Heizstab_Stufen-e1424251039991.png\"><img loading=\"lazy\" decoding=\"async\" class=\"alignright wp-image-287 size-medium\" src=\"http:\/\/uvr-heater.de\/wp-content\/uploads\/2015\/02\/Grafiken_Heizstab_Stufen-e1424251039991-300x163.png\" alt=\"Grafiken_Heizstab_Stufen\" width=\"300\" height=\"163\" srcset=\"https:\/\/uvr-heater.de\/wp-content\/uploads\/2015\/02\/Grafiken_Heizstab_Stufen-e1424251039991-300x163.png 300w, https:\/\/uvr-heater.de\/wp-content\/uploads\/2015\/02\/Grafiken_Heizstab_Stufen-e1424251039991-1024x557.png 1024w\" sizes=\"(max-width: 300px) 100vw, 300px\" \/><\/a>Der angeschlossene Verbraucher zur Eigenverbrauchserh\u00f6hung kann \u00fcber 3\u00a0Schaltausg\u00e4nge angesteuert werden. Mit unserem Systemheizstab k\u00f6nnen Sie somit bis zu 7 Leistungsstufen realisieren.<\/p>\n<p>Mehr Informationen dazu auch auf unserer <a title=\"Heizstab\" href=\"http:\/\/uvr-heater.de\/?page_id=130\">FAQ-Seite zum Heizstab<\/a><\/p>\n<h5><\/h5>\n<h5>Vielseitige Regelparameter<\/h5>\n<p>Die Regelung des Heizstabes erfolgt unter anderem abh\u00e4ngig von der \u00fcbersch\u00fcssigen PV-Energie, abh\u00e4ngig von der Speichertemperatur (entsprechender Temperatursensor notwendig) und abh\u00e4ngig von Zeitprogrammen bzw. Temperaturprofilen. \u00dcber eine Vielzahl an Parametern kann die Regelung flexibel an die Anforderungen vor Ort angepasst werden.<\/p>\n<h5><\/h5>\n<h5>Ertragsadaptive Nachheizung<\/h5>\n<p>Der <em>UVR-Heater<\/em> entscheidet anhand des Solarertrages am Vortag sowie anhand des aktuellen Ertrages, wie weit die Warmwasser-Temperatur absinken darf, bevor die Nachheizung (durch den Heizstab mit Strom aus dem Netz oder durch externe W\u00e4rmeerzeuger) angefordert wird. Dadurch kann unter Ber\u00fccksichtigung der hinterlegten Komfortprofile ein Maximum an selbsterzeugter Energie genutzt werden.<\/p>\n<h5><\/h5>\n<h5>Legionellenschutz-Funktion<\/h5>\n<p><img loading=\"lazy\" decoding=\"async\" class=\"alignright size-thumbnail wp-image-325\" src=\"http:\/\/uvr-heater.de\/wp-content\/uploads\/2015\/01\/Legionellen-150x150.jpg\" alt=\"Legionellen\" width=\"150\" height=\"150\" srcset=\"https:\/\/uvr-heater.de\/wp-content\/uploads\/2015\/01\/Legionellen-150x150.jpg 150w, https:\/\/uvr-heater.de\/wp-content\/uploads\/2015\/01\/Legionellen-90x90.jpg 90w, https:\/\/uvr-heater.de\/wp-content\/uploads\/2015\/01\/Legionellen-300x300.jpg 300w, https:\/\/uvr-heater.de\/wp-content\/uploads\/2015\/01\/Legionellen-270x270.jpg 270w, https:\/\/uvr-heater.de\/wp-content\/uploads\/2015\/01\/Legionellen-230x230.jpg 230w\" sizes=\"(max-width: 150px) 100vw, 150px\" \/>Bei der Verwendung von herk\u00f6mmlichen Warmwasser-Speichern mit gro\u00dfem Trinkwasser-Speichervolumen ist in der Regel eine thermische Desinfektion notwendig, um das Legionellen-Risiko zu minimieren. Der <em>UVR-Heater<\/em> unterst\u00fctzt auf intelligente Weise durch ein flexibles Zeitprogramm und ver\u00e4nderbare Parameter eine m\u00f6glichst energiesparende Realisierung des Legionellenschutzes.<\/p>\n<p><em>Bei Hygienespeichern, die das Warmwasser im Durchlaufprinzip bereiten, ist meist kein Legionellenschutz notwendig. Diese Funktion kann in der Grundeinstellung entsprechend deaktiviert werden.<\/em><\/p>\n<h5><\/h5>\n<h5>Anforderung externer W\u00e4rmeerzeuger<\/h5>\n<p>Das <em>UVR-Heater<\/em>-System kann bei geringem Solarertrag zur Sicherstellung der Warmwasser-Temperaturen oder bei Bedarf auch zur thermischen Desinfektion \u00fcber einen separaten Ausgang eine Anforderung an externe W\u00e4rmeerzeuger (z.B. \u00d6l- oder Gaskessel, Pelletkessel, W\u00e4rmepumpe,&#8230;) geben.<\/p>\n<p>Zudem k\u00f6nnen auch Direkt-Anforderungen von externen W\u00e4rmeerzeugern ein zwangsweises Zuschalten des Heizstabes ausl\u00f6sen. Daf\u00fcr stehen separate Eing\u00e4nge zur Verf\u00fcgung.<\/p>\n<h5><\/h5>\n<h5>Zirkulationsregelung<\/h5>\n<p>Um bei der Warmwasser-Zirkulation neben gr\u00f6\u00dftm\u00f6glichem Komfort auch eine hohe Energieeinsparung zu erreichen, ist eine intelligente Regelung der Zirkulations-Pumpe wichtig. Der <em>UVR-Heater<\/em> kann verschiedene dieser Regelstrategien umsetzen (Zeitprogramm, Tast-Zirkulation, Zirkulationssperre,&#8230;).<\/p>\n<h5><\/h5>\n<h5>Umsetzung der 70%-Regel<\/h5>\n<p>Durch das Zuschalten von Verbrauchern kann die Leistung am Einspeisepunkt unter die &#8211; je nach NSM-Modell geforderte &#8211; Maximalleistung verringert werden. Die Energie kann somit sinnvoll genutzt werden, bevor die Leistung des Wechselrichters abgeregelt werden muss.<\/p>\n<p>Dabei hilft auch das UVR-Heater-System. \u00dcber separate Parameter und die intelligente Anpassung des Zeitprogramms muss der Wechselrichter in vielen F\u00e4llen nicht mehr abgeregelt werden. Beachten Sie dabei aber auf jeden Fall die vor Ort g\u00fcltigen Bestimmungen des Energieversorgers.<\/p>\n<h5><\/h5>\n<h5>SmartGrid-Funktionalit\u00e4t<\/h5>\n<p>Unter diesem Begriff ist die \u00fcber zwei Eing\u00e4nge bin\u00e4r angesteuerte externe Freigabe bzw. Zuschaltung des Heizstabes mit definierten Parametern zusammengefasst. Dadurch lassen sich zuk\u00fcnftige extra-g\u00fcnstige ferntarifierte Sonder-Stromtarife (Stichwort &#8222;Windstrom&#8220;) einfach nutzen. Auch eine Kombination mit dem herk\u00f6mmlichen &#8222;Nachtstrom&#8220; ist m\u00f6glich.<\/p>\n<p>Mehr Informationen dazu auch auf unserer <a title=\"Allgemeines\" href=\"http:\/\/uvr-heater.de\/?page_id=244\">FAQ-Seite<\/a><\/p>\n<h5><\/h5>\n<h5>Ansteuerung weiterer elektrischer Verbraucher<\/h5>\n<p>Zus\u00e4tzliche Elektro-Heizst\u00e4be, Nachtspeicher-Heizger\u00e4te,&#8230; lassen sich als Vorrang- oder Nachrang-Verbraucher zus\u00e4tzlich zum Systemheizstab des UVR-Heaters ansteuern und erm\u00f6glichen somit ein Maximum an Eigenverbrauch.<\/p>\n<p>&nbsp;<\/p>\n<h5>Energiez\u00e4hler<\/h5>\n<p>Anhand der registrierten Z\u00e4hlerwerte (bzw. Impulse) haben Sie Ihr Verbrauchsverhalten sowie die selbstgenutzte Energiemenge jederzeit im Blick (je nach angeschlossenen Z\u00e4hlern und deren Position).<\/p>\n<h5><\/h5>\n<h5>Visualisierung (optional)<em><br \/>\n<\/em><\/h5>\n<p><a href=\"http:\/\/uvr-heater.de\/wp-content\/uploads\/2015\/01\/Visualisierung.png\"><img loading=\"lazy\" decoding=\"async\" class=\"alignright wp-image-342 size-medium\" src=\"http:\/\/uvr-heater.de\/wp-content\/uploads\/2015\/01\/Visualisierung-300x185.png\" alt=\"\" width=\"300\" height=\"185\" srcset=\"https:\/\/uvr-heater.de\/wp-content\/uploads\/2015\/01\/Visualisierung-300x185.png 300w, https:\/\/uvr-heater.de\/wp-content\/uploads\/2015\/01\/Visualisierung-1024x632.png 1024w, https:\/\/uvr-heater.de\/wp-content\/uploads\/2015\/01\/Visualisierung.png 1506w\" sizes=\"(max-width: 300px) 100vw, 300px\" \/><\/a>\u00dcber das Zusatzger\u00e4t C.M.I. (optional) bietet sich\u00a0 f\u00fcr den interessierten Nutzer die M\u00f6glichkeit, den Zustand der Anlage und die wesentlichsten Parameter mithilfe einer anschaulichen Visualisierung immer im Blick zu behalten. Auch ein Zugriff \u00fcber mobile Endger\u00e4te (Smartphone, Tablet, Notebook) ist problemlos m\u00f6glich.<\/p>\n<hr \/>\n<p>Im Gegensatz zu anderen Systemen auf dem Markt kann die Regelung wirklich frei programmiert werden und erm\u00f6glicht dem &#8222;interessierten Anwender&#8220; auch zus\u00e4tzliche, individuelle Funktionen!<\/p>\n<hr \/>\n<p>&gt;&gt;&gt; weitere detaillierte Informationen auf den <a title=\"Allgemeines\" href=\"http:\/\/uvr-heater.de\/?page_id=244\">FAQ-Seiten<\/a><\/p>\n","protected":false},"excerpt":{"rendered":"<p>Die Systemsoftware des UVR-Heaters wurde mit verschiedenen kombinierbaren Funktionalit\u00e4ten ausgestattet, um eine m\u00f6glichst optimale Nutzung des selbsterzeugten Stromes zu erm\u00f6glichen Gleichzeitig soll aber f\u00fcr den Nutzer dennoch eine Transparenz bestehen, die das Nachvollziehen der Regelstrukturen erm\u00f6glicht. Nur so kann der<\/p>\n","protected":false},"author":1,"featured_media":0,"parent":0,"menu_order":3,"comment_status":"closed","ping_status":"closed","template":"","meta":{"footnotes":""},"_links":{"self":[{"href":"https:\/\/uvr-heater.de\/index.php?rest_route=\/wp\/v2\/pages\/17"}],"collection":[{"href":"https:\/\/uvr-heater.de\/index.php?rest_route=\/wp\/v2\/pages"}],"about":[{"href":"https:\/\/uvr-heater.de\/index.php?rest_route=\/wp\/v2\/types\/page"}],"author":[{"embeddable":true,"href":"https:\/\/uvr-heater.de\/index.php?rest_route=\/wp\/v2\/users\/1"}],"replies":[{"embeddable":true,"href":"https:\/\/uvr-heater.de\/index.php?rest_route=%2Fwp%2Fv2%2Fcomments&post=17"}],"version-history":[{"count":55,"href":"https:\/\/uvr-heater.de\/index.php?rest_route=\/wp\/v2\/pages\/17\/revisions"}],"predecessor-version":[{"id":588,"href":"https:\/\/uvr-heater.de\/index.php?rest_route=\/wp\/v2\/pages\/17\/revisions\/588"}],"wp:attachment":[{"href":"https:\/\/uvr-heater.de\/index.php?rest_route=%2Fwp%2Fv2%2Fmedia&parent=17"}],"curies":[{"name":"wp","href":"https:\/\/api.w.org\/{rel}","templated":true}]}}