{"id":19,"date":"2015-01-31T20:33:34","date_gmt":"2015-01-31T20:33:34","guid":{"rendered":"http:\/\/uvr-heater.de\/?page_id=19"},"modified":"2016-12-02T09:54:25","modified_gmt":"2016-12-02T09:54:25","slug":"system","status":"publish","type":"page","link":"https:\/\/uvr-heater.de\/?page_id=19","title":{"rendered":"Komponenten"},"content":{"rendered":"<h5 style=\"background-color: #e0e0e0; padding-top: 10px; padding-bottom: 10px; margin-bottom: 25px;\"><span style=\"margin-top: 10px; margin-bottom: 10px; margin-left: 10px; padding-top: 10px; padding-bottom: 10px;\">Systemkomponenten<\/span><span style=\"font-size: medium;\">\u00a0\u00a0\u00a0\u00a0(im Standard-Lieferumfang enthalten)<\/span><\/h5>\n<p><strong><img loading=\"lazy\" decoding=\"async\" class=\" wp-image-101 alignright\" src=\"http:\/\/uvr-heater.de\/wp-content\/uploads\/2015\/02\/UVR16x2K_Universalregler-UVR-16x2-K_14387_2-300x250.jpg\" alt=\"UVR16x2K_Universalregler-UVR-16x2-K_14387_2\" width=\"150\" height=\"125\" srcset=\"https:\/\/uvr-heater.de\/wp-content\/uploads\/2015\/02\/UVR16x2K_Universalregler-UVR-16x2-K_14387_2-300x250.jpg 300w, https:\/\/uvr-heater.de\/wp-content\/uploads\/2015\/02\/UVR16x2K_Universalregler-UVR-16x2-K_14387_2-1024x853.jpg 1024w, https:\/\/uvr-heater.de\/wp-content\/uploads\/2015\/02\/UVR16x2K_Universalregler-UVR-16x2-K_14387_2.jpg 1200w\" sizes=\"(max-width: 150px) 100vw, 150px\" \/>UVR-Heater-Systemregler <\/strong><br \/>\n<i>(Hersteller: TA Technische Alternative)<\/i><br \/>\nDie Systemregler des UVR-Heater bietet mit dem Touchscreen-Display einen einfachen und intuitiven Zugriff auf alle wesentlichen Informationen.<\/p>\n<hr \/>\n<p><strong>UVR-Heater-Systemprogramm <img loading=\"lazy\" decoding=\"async\" class=\"alignright size-thumbnail wp-image-462\" src=\"http:\/\/uvr-heater.de\/wp-content\/uploads\/2015\/01\/Bedienebene-150x150.jpg\" alt=\"Bedienebene\" width=\"150\" height=\"150\" srcset=\"https:\/\/uvr-heater.de\/wp-content\/uploads\/2015\/01\/Bedienebene-150x150.jpg 150w, https:\/\/uvr-heater.de\/wp-content\/uploads\/2015\/01\/Bedienebene-270x270.jpg 270w, https:\/\/uvr-heater.de\/wp-content\/uploads\/2015\/01\/Bedienebene-230x230.jpg 230w\" sizes=\"(max-width: 150px) 100vw, 150px\" \/><\/strong><br \/>\nDie Intelligenz des UVR-Heater-Systems steckt &#8222;unter der Haube&#8220; und sorgt f\u00fcr eine m\u00f6glichst effektive Nutzung des Solarstroms bei gleichzeitig maximalem Warmwasser-Komfort.<br \/>\nDie Parameter der verschiedenen Funktionen lassen sich \u00fcber separate Men\u00fcseiten einfach ver\u00e4ndern.<\/p>\n<hr \/>\n<p><strong><img loading=\"lazy\" decoding=\"async\" class=\"alignright wp-image-373\" src=\"http:\/\/uvr-heater.de\/wp-content\/uploads\/2015\/01\/EHS4a-300x234.jpg\" alt=\"EHS4a\" width=\"150\" height=\"117\" srcset=\"https:\/\/uvr-heater.de\/wp-content\/uploads\/2015\/01\/EHS4a-300x234.jpg 300w, https:\/\/uvr-heater.de\/wp-content\/uploads\/2015\/01\/EHS4a.jpg 600w\" sizes=\"(max-width: 150px) 100vw, 150px\" \/>Einschraub-Heizstab<\/strong><br \/>\nAls W\u00e4rmeerzeuger kommt ein Einschraub-Heizstab mit gestufter Leistung zum Einsatz (500 \/ 1000 \/ 2000 Watt), der \u00fcber drei (externe) Leistungsrelais in 7 Stufen geschaltet wird.<\/p>\n<p style=\"padding-left: 30px;\">Elektrischer Anschluss: ein- oder dreiphasig 230\/400 V~<br \/>\nGewinde-Anschluss: AG 1 1\/2&#8243;<br \/>\nMaterial: Edelstahl 2.4858<\/p>\n<hr \/>\n<p><strong>Zweirichtungs-Hutschienen-Zwischenz\u00e4hler<\/strong><br \/>\n<img loading=\"lazy\" decoding=\"async\" class=\"alignright wp-image-374\" src=\"http:\/\/uvr-heater.de\/wp-content\/uploads\/2015\/01\/hutschienenzaehler_KDK-300x200.jpg\" alt=\"hutschienenzaehler_KDK\" width=\"150\" height=\"100\" srcset=\"https:\/\/uvr-heater.de\/wp-content\/uploads\/2015\/01\/hutschienenzaehler_KDK-300x200.jpg 300w, https:\/\/uvr-heater.de\/wp-content\/uploads\/2015\/01\/hutschienenzaehler_KDK-1024x683.jpg 1024w, https:\/\/uvr-heater.de\/wp-content\/uploads\/2015\/01\/hutschienenzaehler_KDK.jpg 1500w\" sizes=\"(max-width: 150px) 100vw, 150px\" \/>\u00dcber einen auf Standard-Hutschienen montierbaren Zwischenz\u00e4hler wird \u00fcber alle Phasen saldierend die Leistung in \u00dcberschuss- und Bezugsrichtung gemessen und jeweils per S0-Signal an den Systemregler weitergegeben.<\/p>\n<p style=\"padding-left: 30px;\">Arbeitsbereich: 3&#215;230\/400V | 5\/80A | Genauigkeitsklasse 1<br \/>\nImpulsausgang: 2.000 Imp\/kWh (Bezug und Lieferung getrennt)<\/p>\n<hr \/>\n<p><strong>Au\u00dferdem im Lieferumfang:<\/strong><br \/>\n1x PT1000-Temperatursensor, Montageanleitungen der Komponenten, Systembeschreibung<\/p>\n<p><img loading=\"lazy\" decoding=\"async\" class=\"aligncenter size-large wp-image-408\" src=\"http:\/\/uvr-heater.de\/wp-content\/uploads\/2015\/01\/Produktfoto_komplett_700-1024x685.jpg\" alt=\"Produktfoto_komplett_700\" width=\"700\" height=\"468\" srcset=\"https:\/\/uvr-heater.de\/wp-content\/uploads\/2015\/01\/Produktfoto_komplett_700-1024x685.jpg 1024w, https:\/\/uvr-heater.de\/wp-content\/uploads\/2015\/01\/Produktfoto_komplett_700-300x201.jpg 300w, https:\/\/uvr-heater.de\/wp-content\/uploads\/2015\/01\/Produktfoto_komplett_700.jpg 1241w\" sizes=\"(max-width: 700px) 100vw, 700px\" \/><br \/>\n<span style=\"font-size: small; padding-top: 5px; padding-bottom: 5px; margin-bottom: 5px;\">Die Abbildung zeigt auch die optionale Funktionsweise (wie z.B. die Visualisierung).<\/span><\/p>\n<h5 style=\"background-color: #e0e0e0; padding-top: 10px; padding-bottom: 10px; margin-bottom: 25px;\"><span style=\"margin-top: 10px; margin-bottom: 10px; margin-left: 10px; padding-top: 10px; padding-bottom: 10px;\">Optionale Komponenten<\/span><span style=\"font-size: medium;\">\u00a0\u00a0\u00a0\u00a0(Bei Bedarf zus\u00e4tzlich oder alternativ zu bestellen)<\/span><\/h5>\n<p><strong><img loading=\"lazy\" decoding=\"async\" class=\"alignleft wp-image-382\" src=\"http:\/\/uvr-heater.de\/wp-content\/uploads\/2015\/01\/Heizstab_Askoma-300x225.png\" alt=\"Heizstab_Askoma\" width=\"151\" height=\"113\" srcset=\"https:\/\/uvr-heater.de\/wp-content\/uploads\/2015\/01\/Heizstab_Askoma-300x225.png 300w, https:\/\/uvr-heater.de\/wp-content\/uploads\/2015\/01\/Heizstab_Askoma.png 640w\" sizes=\"(max-width: 151px) 100vw, 151px\" \/>Heizstab mit integrierten Leistungsrelais<\/strong><br \/>\nGeringer Montageaufwand durch integrierte Leistungsrelais,<br \/>\nHeizwendeln mit 500 \/ 1000 \/ 2000 Watt, daher auch 7-stufig ansteuerbar<br \/>\nArbeits- und Sicherheitsthermostat integriert<\/p>\n<p>&nbsp;<\/p>\n<p><img loading=\"lazy\" decoding=\"async\" class=\"alignleft wp-image-242\" src=\"http:\/\/uvr-heater.de\/wp-content\/uploads\/2015\/02\/cmi_front.jpg\" alt=\"cmi_front\" width=\"150\" height=\"144\" \/><strong>C.M.I.<\/strong> <i>(Hersteller: TA Technische Alternative)<\/i><br \/>\nC.M.I. = Control- and Monitoring-Interface<br \/>\nVerbindung des Systemreglers zum Netzwerk (bzw. Internet),<br \/>\nVoraussetzung f\u00fcr Nutzung der Visualisierungs-Oberfl\u00e4che<\/p>\n","protected":false},"excerpt":{"rendered":"<p>Systemkomponenten\u00a0\u00a0\u00a0\u00a0(im Standard-Lieferumfang enthalten) UVR-Heater-Systemregler (Hersteller: TA Technische Alternative) Die Systemregler des UVR-Heater bietet mit dem Touchscreen-Display einen einfachen und intuitiven Zugriff auf alle wesentlichen Informationen. UVR-Heater-Systemprogramm Die Intelligenz des UVR-Heater-Systems steckt &#8222;unter der Haube&#8220; und sorgt f\u00fcr eine m\u00f6glichst effektive<\/p>\n","protected":false},"author":1,"featured_media":0,"parent":0,"menu_order":2,"comment_status":"closed","ping_status":"closed","template":"","meta":{"footnotes":""},"_links":{"self":[{"href":"https:\/\/uvr-heater.de\/index.php?rest_route=\/wp\/v2\/pages\/19"}],"collection":[{"href":"https:\/\/uvr-heater.de\/index.php?rest_route=\/wp\/v2\/pages"}],"about":[{"href":"https:\/\/uvr-heater.de\/index.php?rest_route=\/wp\/v2\/types\/page"}],"author":[{"embeddable":true,"href":"https:\/\/uvr-heater.de\/index.php?rest_route=\/wp\/v2\/users\/1"}],"replies":[{"embeddable":true,"href":"https:\/\/uvr-heater.de\/index.php?rest_route=%2Fwp%2Fv2%2Fcomments&post=19"}],"version-history":[{"count":76,"href":"https:\/\/uvr-heater.de\/index.php?rest_route=\/wp\/v2\/pages\/19\/revisions"}],"predecessor-version":[{"id":591,"href":"https:\/\/uvr-heater.de\/index.php?rest_route=\/wp\/v2\/pages\/19\/revisions\/591"}],"wp:attachment":[{"href":"https:\/\/uvr-heater.de\/index.php?rest_route=%2Fwp%2Fv2%2Fmedia&parent=19"}],"curies":[{"name":"wp","href":"https:\/\/api.w.org\/{rel}","templated":true}]}}