{"id":24,"date":"2015-02-01T20:46:03","date_gmt":"2015-02-01T20:46:03","guid":{"rendered":"http:\/\/uvr-heater.de\/?page_id=24"},"modified":"2022-06-16T07:53:13","modified_gmt":"2022-06-16T07:53:13","slug":"impressum","status":"publish","type":"page","link":"https:\/\/uvr-heater.de\/?page_id=24","title":{"rendered":"Impressum"},"content":{"rendered":"<p><strong>Solar- und Energiesysteme M. Boden<\/strong><br \/>\n<em>Handwerksmeister Matthias Boden<\/em><\/p>\n<p>Otto-Boessneck-Str. 2<br \/>\n08132 M\u00fclsen<\/p>\n<p>Telefon: (03 76 01) 28 80<br \/>\nTelefax: (03 76 01) 28 82<\/p>\n<p>E-Mail: <a href=\"mailto:info@solar-energie-boden.de\">info@solar-energie-boden.de<\/a><br \/>\nInternet: www.solar-energie-boden.de<\/p>\n<p>Zust\u00e4ndige Kammer: Handwerkskammer Chemnitz, Limbacher Str. 195, 09116 Chemnitz<br \/>\nBerufsbezeichnung: Handwerksmeister (verliehen in der Bundesrepublik Deutschland)<\/p>\n<p>Berufsrechtliche Regelungen: Handwerksordnung (zu finden im Bundesgesetzblatt I, Seite 3074 in der Fassung vom 24. September 1998)<\/p>\n<p>Umsatzsteuer-Identifikationsnummer gem\u00e4\u00df \u00a7 27 a Umsatzsteuergesetz: DE141418667<\/p>\n<p>Inhaltlich Verantwortlicher gem\u00e4\u00df \u00a7 10 Absatz 3 MDStV: Christian Boden (Anschrift wie oben)<\/p>\n<p>Haftungshinweis: Trotz sorgf\u00e4ltiger inhaltlicher Kontrolle \u00fcbernehmen wir keine Haftung f\u00fcr die Inhalte externer Links. F\u00fcr den Inhalt der verlinkten Seiten sind ausschlie\u00dflich deren Betreiber verantwortlich.<\/p>\n","protected":false},"excerpt":{"rendered":"<p>Solar- und Energiesysteme M. Boden Handwerksmeister Matthias Boden Otto-Boessneck-Str. 2 08132 M\u00fclsen Telefon: (03 76 01) 28 80 Telefax: (03 76 01) 28 82 E-Mail: info@solar-energie-boden.de Internet: www.solar-energie-boden.de Zust\u00e4ndige Kammer: Handwerkskammer Chemnitz, Limbacher Str. 195, 09116 Chemnitz Berufsbezeichnung: Handwerksmeister (verliehen<\/p>\n","protected":false},"author":1,"featured_media":0,"parent":0,"menu_order":9,"comment_status":"closed","ping_status":"closed","template":"","meta":{"footnotes":""},"_links":{"self":[{"href":"https:\/\/uvr-heater.de\/index.php?rest_route=\/wp\/v2\/pages\/24"}],"collection":[{"href":"https:\/\/uvr-heater.de\/index.php?rest_route=\/wp\/v2\/pages"}],"about":[{"href":"https:\/\/uvr-heater.de\/index.php?rest_route=\/wp\/v2\/types\/page"}],"author":[{"embeddable":true,"href":"https:\/\/uvr-heater.de\/index.php?rest_route=\/wp\/v2\/users\/1"}],"replies":[{"embeddable":true,"href":"https:\/\/uvr-heater.de\/index.php?rest_route=%2Fwp%2Fv2%2Fcomments&post=24"}],"version-history":[{"count":3,"href":"https:\/\/uvr-heater.de\/index.php?rest_route=\/wp\/v2\/pages\/24\/revisions"}],"predecessor-version":[{"id":601,"href":"https:\/\/uvr-heater.de\/index.php?rest_route=\/wp\/v2\/pages\/24\/revisions\/601"}],"wp:attachment":[{"href":"https:\/\/uvr-heater.de\/index.php?rest_route=%2Fwp%2Fv2%2Fmedia&parent=24"}],"curies":[{"name":"wp","href":"https:\/\/api.w.org\/{rel}","templated":true}]}}