{"id":244,"date":"2015-02-09T10:08:47","date_gmt":"2015-02-09T10:08:47","guid":{"rendered":"http:\/\/uvr-heater.de\/?page_id=244"},"modified":"2015-02-18T13:07:03","modified_gmt":"2015-02-18T13:07:03","slug":"allgemeines","status":"publish","type":"page","link":"https:\/\/uvr-heater.de\/?page_id=244","title":{"rendered":"Allgemeines"},"content":{"rendered":"<h5>Kann ich statt einer PV-Anlage auch andere Erzeuger verwenden?<\/h5>\n<p>Dem System <em>UVR-Heater<\/em> ist es \u201eegal\u201c, wie der erfasste Strom erzeugt wird. Sie k\u00f6nnen ebenso auch Kleinwindkraftanlagen, Blockheizkraftwerke (BHKW),\u2026 anbinden.<\/p>\n<h5>K\u00f6nnen auch andere Verbraucher eingebunden werden?<\/h5>\n<p>Auch hier gilt: dem System <em>UVR-Heater<\/em> ist es \u201eegal\u201c, welchen Verbraucher es ansteuert. Alternativ zu einem Heizstab kann nat\u00fcrlich jeder andere elektrische Verbraucher betrieben werden. Auch Warmwasser-W\u00e4rmepumpen o.\u00e4. lassen sich dadurch in Kombination mit der PV-Anlage betreiben.<\/p>\n<p>Wichtig ist \u2013 vor allem bei anderen &#8222;artfremden&#8220; Verbrauchern \u2013 eine Anpassung des Systems durch die Konfiguration der entsprechenden Parameter.<\/p>\n<h5>Ist der<em> UVR-Heater<\/em> zukunftsorientiert?<\/h5>\n<p>Nach bestem Wissen und Gewissen \u2013 ja!<br \/>\nWir haben beispielsweise schon heute eine SmartGrid-Funktionalit\u00e4t integriert, die zwar momentan nur vereinzelt von den Energieversorgern angeboten wird, aber in den n\u00e4chsten Jahren fl\u00e4chendeckend kommen wird.<\/p>\n<p>Durch Updates von Firmware und Reglersoftware kann zudem der Funktionsumfang des Reglers gegebenenfalls noch einmal erweitert werden und kann somit auch zuk\u00fcnftige Anforderungen optimal erf\u00fcllen.<\/p>\n","protected":false},"excerpt":{"rendered":"<p>Kann ich statt einer PV-Anlage auch andere Erzeuger verwenden? Dem System UVR-Heater ist es \u201eegal\u201c, wie der erfasste Strom erzeugt wird. Sie k\u00f6nnen ebenso auch Kleinwindkraftanlagen, Blockheizkraftwerke (BHKW),\u2026 anbinden. K\u00f6nnen auch andere Verbraucher eingebunden werden? Auch hier gilt: dem System<\/p>\n","protected":false},"author":2,"featured_media":0,"parent":32,"menu_order":1,"comment_status":"closed","ping_status":"closed","template":"","meta":{"footnotes":""},"_links":{"self":[{"href":"https:\/\/uvr-heater.de\/index.php?rest_route=\/wp\/v2\/pages\/244"}],"collection":[{"href":"https:\/\/uvr-heater.de\/index.php?rest_route=\/wp\/v2\/pages"}],"about":[{"href":"https:\/\/uvr-heater.de\/index.php?rest_route=\/wp\/v2\/types\/page"}],"author":[{"embeddable":true,"href":"https:\/\/uvr-heater.de\/index.php?rest_route=\/wp\/v2\/users\/2"}],"replies":[{"embeddable":true,"href":"https:\/\/uvr-heater.de\/index.php?rest_route=%2Fwp%2Fv2%2Fcomments&post=244"}],"version-history":[{"count":5,"href":"https:\/\/uvr-heater.de\/index.php?rest_route=\/wp\/v2\/pages\/244\/revisions"}],"predecessor-version":[{"id":311,"href":"https:\/\/uvr-heater.de\/index.php?rest_route=\/wp\/v2\/pages\/244\/revisions\/311"}],"up":[{"embeddable":true,"href":"https:\/\/uvr-heater.de\/index.php?rest_route=\/wp\/v2\/pages\/32"}],"wp:attachment":[{"href":"https:\/\/uvr-heater.de\/index.php?rest_route=%2Fwp%2Fv2%2Fmedia&parent=244"}],"curies":[{"name":"wp","href":"https:\/\/api.w.org\/{rel}","templated":true}]}}