{"id":437,"date":"2015-07-07T05:55:13","date_gmt":"2015-07-07T05:55:13","guid":{"rendered":"http:\/\/uvr-heater.de\/?page_id=437"},"modified":"2015-07-07T06:52:16","modified_gmt":"2015-07-07T06:52:16","slug":"kaufen","status":"publish","type":"page","link":"https:\/\/uvr-heater.de\/?page_id=437","title":{"rendered":"Kaufen"},"content":{"rendered":"<p><strong>Sie sind Privatanwender?<\/strong><\/p>\n<p>Den UVR-Heater k\u00f6nnen Sie direkt bei unserem Unternehmen beziehen. F\u00fcr Informationen zum Preis wenden Sie sich bitte direkt unter den angegebenen Kontaktdaten an uns.<br \/>\nBei Bedarf k\u00f6nnen Sie auch evtl. ben\u00f6tigtes Installations-Zubeh\u00f6r \u00fcber uns beziehen.<\/p>\n<p>Die Installation des UVR-Heaters sollten Sie aus Sicherheitsgr\u00fcnden vom Fachmann durchf\u00fchren lassen.<br \/>\nWenn Sie keinen &#8222;Installateur Ihres Vertrauens&#8220; haben, sprechen Sie uns einfach an. Wir installieren in unserem Wirkungsradius auch selbst.<\/p>\n<p><strong>Sie sind Installateur oder Gro\u00dfh\u00e4ndler?<\/strong><\/p>\n<p>Den UVR-Heater k\u00f6nnen Sie direkt bei unserem Unternehmen beziehen. F\u00fcr Informationen zum Preis wenden Sie sich bitte direkt unter den angegebenen Kontaktdaten an uns.<br \/>\nAls Handelspartner k\u00f6nnen Sie au\u00dferdem von g\u00fcnstigeren Einkaufs-Konditionen profitieren. Sprechen Sie uns an!<\/p>\n","protected":false},"excerpt":{"rendered":"<p>Sie sind Privatanwender? Den UVR-Heater k\u00f6nnen Sie direkt bei unserem Unternehmen beziehen. F\u00fcr Informationen zum Preis wenden Sie sich bitte direkt unter den angegebenen Kontaktdaten an uns. Bei Bedarf k\u00f6nnen Sie auch evtl. ben\u00f6tigtes Installations-Zubeh\u00f6r \u00fcber uns beziehen. Die Installation<\/p>\n","protected":false},"author":2,"featured_media":0,"parent":0,"menu_order":0,"comment_status":"closed","ping_status":"closed","template":"","meta":{"footnotes":""},"_links":{"self":[{"href":"https:\/\/uvr-heater.de\/index.php?rest_route=\/wp\/v2\/pages\/437"}],"collection":[{"href":"https:\/\/uvr-heater.de\/index.php?rest_route=\/wp\/v2\/pages"}],"about":[{"href":"https:\/\/uvr-heater.de\/index.php?rest_route=\/wp\/v2\/types\/page"}],"author":[{"embeddable":true,"href":"https:\/\/uvr-heater.de\/index.php?rest_route=\/wp\/v2\/users\/2"}],"replies":[{"embeddable":true,"href":"https:\/\/uvr-heater.de\/index.php?rest_route=%2Fwp%2Fv2%2Fcomments&post=437"}],"version-history":[{"count":1,"href":"https:\/\/uvr-heater.de\/index.php?rest_route=\/wp\/v2\/pages\/437\/revisions"}],"predecessor-version":[{"id":438,"href":"https:\/\/uvr-heater.de\/index.php?rest_route=\/wp\/v2\/pages\/437\/revisions\/438"}],"wp:attachment":[{"href":"https:\/\/uvr-heater.de\/index.php?rest_route=%2Fwp%2Fv2%2Fmedia&parent=437"}],"curies":[{"name":"wp","href":"https:\/\/api.w.org\/{rel}","templated":true}]}}