{"id":446,"date":"2015-07-07T06:54:23","date_gmt":"2015-07-07T06:54:23","guid":{"rendered":"http:\/\/uvr-heater.de\/?page_id=446"},"modified":"2016-10-26T09:46:15","modified_gmt":"2016-10-26T09:46:15","slug":"das-system","status":"publish","type":"page","link":"https:\/\/uvr-heater.de\/?page_id=446","title":{"rendered":"Das System"},"content":{"rendered":"<p><strong>Mit der eigenen Photovoltaik-Anlage<\/strong> nicht nur den Stromverbrauch im Haushalt decken, sondern auch <strong>effizient und komfortabel Warmwasser bereiten<\/strong>: der <strong>UVR-Heater<\/strong> hilft Ihnen dabei.<\/p>\n<p>Dabei ist das Konzept des UVR-Heaters ebenso einfach wie gut durchdacht: Ein Zwischenz\u00e4hler erfasst herstellerunabh\u00e4ngig die \u00fcbersch\u00fcssige PV-Leistung. Der System-Regler verarbeitet in einem umfangreichen Regelalgorithmus die verschiedenen Einflussgr\u00f6\u00dfen und steuert dann einen elektrischen Einschraub-Heizstab an. Dieser sitzt meist im Warmwasser- oder Heizungs-Pufferspeicher und kann 7-stufig geregelt werden.<\/p>\n<p>Das System ist <strong>sowohl f\u00fcr neue Anlagen als auch f\u00fcr die Nachr\u00fcstung bereits bestehender Anlagen<\/strong> geeignet.<img loading=\"lazy\" decoding=\"async\" class=\"aligncenter wp-image-584\" src=\"http:\/\/uvr-heater.de\/wp-content\/uploads\/2016\/10\/Grafik_1200.jpg\" width=\"700\" height=\"579\" srcset=\"https:\/\/uvr-heater.de\/wp-content\/uploads\/2016\/10\/Grafik_1200.jpg 1200w, https:\/\/uvr-heater.de\/wp-content\/uploads\/2016\/10\/Grafik_1200-300x248.jpg 300w, https:\/\/uvr-heater.de\/wp-content\/uploads\/2016\/10\/Grafik_1200-768x635.jpg 768w, https:\/\/uvr-heater.de\/wp-content\/uploads\/2016\/10\/Grafik_1200-1024x847.jpg 1024w\" sizes=\"(max-width: 700px) 100vw, 700px\" \/><\/p>\n<p>&nbsp;<\/p>\n","protected":false},"excerpt":{"rendered":"<p>Mit der eigenen Photovoltaik-Anlage nicht nur den Stromverbrauch im Haushalt decken, sondern auch effizient und komfortabel Warmwasser bereiten: der UVR-Heater hilft Ihnen dabei. Dabei ist das Konzept des UVR-Heaters ebenso einfach wie gut durchdacht: Ein Zwischenz\u00e4hler erfasst herstellerunabh\u00e4ngig die \u00fcbersch\u00fcssige<\/p>\n","protected":false},"author":2,"featured_media":0,"parent":0,"menu_order":0,"comment_status":"closed","ping_status":"closed","template":"","meta":{"footnotes":""},"_links":{"self":[{"href":"https:\/\/uvr-heater.de\/index.php?rest_route=\/wp\/v2\/pages\/446"}],"collection":[{"href":"https:\/\/uvr-heater.de\/index.php?rest_route=\/wp\/v2\/pages"}],"about":[{"href":"https:\/\/uvr-heater.de\/index.php?rest_route=\/wp\/v2\/types\/page"}],"author":[{"embeddable":true,"href":"https:\/\/uvr-heater.de\/index.php?rest_route=\/wp\/v2\/users\/2"}],"replies":[{"embeddable":true,"href":"https:\/\/uvr-heater.de\/index.php?rest_route=%2Fwp%2Fv2%2Fcomments&post=446"}],"version-history":[{"count":6,"href":"https:\/\/uvr-heater.de\/index.php?rest_route=\/wp\/v2\/pages\/446\/revisions"}],"predecessor-version":[{"id":587,"href":"https:\/\/uvr-heater.de\/index.php?rest_route=\/wp\/v2\/pages\/446\/revisions\/587"}],"wp:attachment":[{"href":"https:\/\/uvr-heater.de\/index.php?rest_route=%2Fwp%2Fv2%2Fmedia&parent=446"}],"curies":[{"name":"wp","href":"https:\/\/api.w.org\/{rel}","templated":true}]}}